{"id":7629,"date":"2025-04-23T15:46:53","date_gmt":"2025-04-23T15:46:53","guid":{"rendered":"https:\/\/ideas2playcounseling.com\/?page_id=7629"},"modified":"2025-05-02T22:38:47","modified_gmt":"2025-05-02T22:38:47","slug":"michele-ruiz","status":"publish","type":"page","link":"https:\/\/ideas2playcounseling.com\/en\/michele-ruiz\/","title":{"rendered":"Michele Ruiz"},"content":{"rendered":"<div data-elementor-type=\"wp-page\" data-elementor-id=\"7629\" class=\"elementor elementor-7629\" data-elementor-post-type=\"page\">\n\t\t\t\t<div class=\"elementor-element elementor-element-82d0b61 e-flex e-con-boxed e-con e-parent\" data-id=\"82d0b61\" data-element_type=\"container\">\n\t\t\t\t\t<div class=\"e-con-inner\">\n\t\t<div class=\"elementor-element elementor-element-989ecd5 e-con-full e-flex e-con e-child\" data-id=\"989ecd5\" data-element_type=\"container\">\n\t\t\t\t<\/div>\n\t\t<div class=\"elementor-element elementor-element-80cad93 e-con-full e-flex e-con e-child\" data-id=\"80cad93\" data-element_type=\"container\">\n\t\t\t\t<div class=\"elementor-element elementor-element-ac1854f elementor-widget elementor-widget-ct_heading\" data-id=\"ac1854f\" data-element_type=\"widget\" data-widget_type=\"ct_heading.default\">\n\t\t\t\t<div class=\"elementor-widget-container\">\n\t\t\t\t\t<div id=\"ct_heading-ac1854f\" class=\"ct-heading h-align-center item-line-bottom\">\r\n    <div class=\"heading-wrapper\">\r\n        <div class=\"inner-heading\">\r\n                        <h3 class=\"item--title case-animate-time line-bottom wow lightSpeedIn\" data-wow-delay=\"ms\">\r\n                <span>About us<\/span>            <\/h3>\r\n        <\/div>\r\n    <\/div>\r\n<\/div>\r\n\t\t\t\t<\/div>\n\t\t\t\t<\/div>\n\t\t\t\t<\/div>\n\t\t<div class=\"elementor-element elementor-element-054f0e3 e-con-full e-flex e-con e-child\" data-id=\"054f0e3\" data-element_type=\"container\">\n\t\t\t\t<\/div>\n\t\t\t\t\t<\/div>\n\t\t\t\t<\/div>\n\t\t<div class=\"elementor-element elementor-element-c3efdfd e-flex e-con-boxed e-con e-parent\" data-id=\"c3efdfd\" data-element_type=\"container\">\n\t\t\t\t\t<div class=\"e-con-inner\">\n\t\t<div class=\"elementor-element elementor-element-bb963be e-con-full e-flex e-con e-child\" data-id=\"bb963be\" data-element_type=\"container\">\n\t\t\t\t<div class=\"elementor-element elementor-element-e85c5eb elementor-widget elementor-widget-image\" data-id=\"e85c5eb\" data-element_type=\"widget\" data-widget_type=\"image.default\">\n\t\t\t\t<div class=\"elementor-widget-container\">\n\t\t\t\t\t\t\t\t\t\t\t\t\t\t\t<img fetchpriority=\"high\" decoding=\"async\" width=\"640\" height=\"701\" src=\"https:\/\/ideas2playcounseling.com\/wp-content\/uploads\/2025\/03\/3-2.png\" class=\"attachment-large size-large wp-image-7549\" alt=\"\" srcset=\"https:\/\/ideas2playcounseling.com\/wp-content\/uploads\/2025\/03\/3-2.png 930w, https:\/\/ideas2playcounseling.com\/wp-content\/uploads\/2025\/03\/3-2-274x300.png 274w, https:\/\/ideas2playcounseling.com\/wp-content\/uploads\/2025\/03\/3-2-768x841.png 768w, https:\/\/ideas2playcounseling.com\/wp-content\/uploads\/2025\/03\/3-2-11x12.png 11w, https:\/\/ideas2playcounseling.com\/wp-content\/uploads\/2025\/03\/3-2-600x657.png 600w\" sizes=\"(max-width: 640px) 100vw, 640px\" \/>\t\t\t\t\t\t\t\t\t\t\t\t\t\t\t<\/div>\n\t\t\t\t<\/div>\n\t\t\t\t<\/div>\n\t\t<div class=\"elementor-element elementor-element-cc0ef36 e-con-full e-flex e-con e-child\" data-id=\"cc0ef36\" data-element_type=\"container\">\n\t\t\t\t<div class=\"elementor-element elementor-element-3e1afd8 elementor-widget elementor-widget-ct_heading\" data-id=\"3e1afd8\" data-element_type=\"widget\" data-widget_type=\"ct_heading.default\">\n\t\t\t\t<div class=\"elementor-widget-container\">\n\t\t\t\t\t<div id=\"ct_heading-3e1afd8\" class=\"ct-heading h-align-left item-line-bottom\">\r\n    <div class=\"heading-wrapper\">\r\n        <div class=\"inner-heading\">\r\n                        <h3 class=\"item--title case-animate-time line-bottom wow fadeInLeft\" data-wow-delay=\"ms\">\r\n                <span>Michele Ruiz<\/span>            <\/h3>\r\n        <\/div>\r\n    <\/div>\r\n<\/div>\r\n\t\t\t\t<\/div>\n\t\t\t\t<\/div>\n\t\t\t\t<div class=\"elementor-element elementor-element-405a4c7 elementor-widget elementor-widget-ct_text_editor\" data-id=\"405a4c7\" data-element_type=\"widget\" data-widget_type=\"ct_text_editor.default\">\n\t\t\t\t<div class=\"elementor-widget-container\">\n\t\t\t\t\t<div id=\"ct_text_editor-405a4c7\" class=\"ct-text-editor wow fadeIn\" data-wow-delay=\"ms\">\n\t<div class=\"ct-inline-css\"  data-css=\"        \t\t\">\n    <\/div>\n\t<div class=\"ct-text-editor elementor-clearfix\">\n\t\t<p>I've always felt a deep calling to help others. I was born and raised on the beautiful island of Puerto Rico, which has given me the valuable ability to <strong>communicate in both English and Spanish<\/strong>. There, I completed my studies in Environmental Sciences at the Interamerican University of Puerto Rico. For years, I worked in environmental stewardship, first in a pharmaceutical company in my hometown and then in the Department of Natural Resources in Georgia, where I worked as a chemist for a decade.<\/p><p>However, <em>I felt called to explore new horizons<\/em> and launched myself into the enriching world of mental health. I earned my master's degree from Liberty University, which allowed me to combine my passion for counseling with a focus on spirituality. I immediately began practicing as a counselor, and although I initially focused on adults, children won my heart. This led me to work with the Latino community in Gwinnett County Public Schools, standing out as a leader in the development and expansion of the APEX program.<\/p><p>After years of learning and professional growth in Georgia Highlands and other settings, I decided to pursue my dream of owning my own office. Today, <strong>with over 12 years of experience<\/strong> in the mental health field, I am certified in play therapy and continue to expand my knowledge to <strong>offer effective tools to those seeking support<\/strong>.<\/p><p>At Ideas2play Counseling, my goal is to provide a safe and nurturing space to help you on your journey to wellness.<strong> <br \/><\/strong><\/p><p><strong>Thank you for trusting me!<\/strong><\/p>\t\t\n\t<\/div>\n<\/div>\t\t\t\t<\/div>\n\t\t\t\t<\/div>\n\t\t\t\t<\/div>\n\t\t<div class=\"elementor-element elementor-element-088c7c2 e-con-full e-flex e-con e-child\" data-id=\"088c7c2\" data-element_type=\"container\">\n\t\t\t\t<\/div>\n\t\t<div class=\"elementor-element elementor-element-c9c1ba7 e-con-full e-flex e-con e-child\" data-id=\"c9c1ba7\" data-element_type=\"container\">\n\t\t\t\t<div class=\"elementor-element elementor-element-8fcad93 elementor-widget elementor-widget-image\" data-id=\"8fcad93\" data-element_type=\"widget\" data-widget_type=\"image.default\">\n\t\t\t\t<div class=\"elementor-widget-container\">\n\t\t\t\t\t\t\t\t\t\t\t\t\t\t\t<img decoding=\"async\" width=\"640\" height=\"800\" src=\"https:\/\/ideas2playcounseling.com\/wp-content\/uploads\/2025\/05\/Michele-Ruiz-cert-819x1024.jpg\" class=\"attachment-large size-large wp-image-7641\" alt=\"\" srcset=\"https:\/\/ideas2playcounseling.com\/wp-content\/uploads\/2025\/05\/Michele-Ruiz-cert-819x1024.jpg 819w, https:\/\/ideas2playcounseling.com\/wp-content\/uploads\/2025\/05\/Michele-Ruiz-cert-240x300.jpg 240w, https:\/\/ideas2playcounseling.com\/wp-content\/uploads\/2025\/05\/Michele-Ruiz-cert-768x960.jpg 768w, https:\/\/ideas2playcounseling.com\/wp-content\/uploads\/2025\/05\/Michele-Ruiz-cert-1229x1536.jpg 1229w, https:\/\/ideas2playcounseling.com\/wp-content\/uploads\/2025\/05\/Michele-Ruiz-cert-10x12.jpg 10w, https:\/\/ideas2playcounseling.com\/wp-content\/uploads\/2025\/05\/Michele-Ruiz-cert-600x750.jpg 600w, https:\/\/ideas2playcounseling.com\/wp-content\/uploads\/2025\/05\/Michele-Ruiz-cert.jpg 1600w\" sizes=\"(max-width: 640px) 100vw, 640px\" \/>\t\t\t\t\t\t\t\t\t\t\t\t\t\t\t<\/div>\n\t\t\t\t<\/div>\n\t\t\t\t<\/div>\n\t\t\t\t\t<\/div>\n\t\t\t\t<\/div>\n\t\t\t\t<\/div>","protected":false},"excerpt":{"rendered":"<p>Acerca de Michele Ruiz Desde siempre he sentido una profunda vocaci\u00f3n por ayudar a los dem\u00e1s. Nac\u00ed y me cri\u00e9 en la hermosa isla de Puerto Rico, lo que me ha brindado la valiosa habilidad de comunicarme tanto en ingl\u00e9s como en espa\u00f1ol. All\u00ed complet\u00e9 mis estudios en Ciencias Ambientales en la Universidad Interamericana de [&hellip;]<\/p>","protected":false},"author":1,"featured_media":0,"parent":0,"menu_order":0,"comment_status":"closed","ping_status":"closed","template":"","meta":{"_uag_custom_page_level_css":"","footnotes":""},"class_list":["post-7629","page","type-page","status-publish","hentry"],"uagb_featured_image_src":{"full":false,"thumbnail":false,"medium":false,"medium_large":false,"large":false,"1536x1536":false,"2048x2048":false,"trp-custom-language-flag":false,"mindset-avatar":false,"mindset-nav":false,"mindset-thumbnail":false,"mindset-post":false,"mindset-related-post":false,"mindset-portfolio":false,"woocommerce_thumbnail":false,"woocommerce_single":false,"woocommerce_gallery_thumbnail":false,"woosc-large":false,"woosc-small":false,"woosq":false},"uagb_author_info":{"display_name":"onlykhaz@gmail.com","author_link":"https:\/\/ideas2playcounseling.com\/en\/author\/onlykhazgmail-com\/"},"uagb_comment_info":0,"uagb_excerpt":"Acerca de Michele Ruiz Desde siempre he sentido una profunda vocaci\u00f3n por ayudar a los dem\u00e1s. Nac\u00ed y me cri\u00e9 en la hermosa isla de Puerto Rico, lo que me ha brindado la valiosa habilidad de comunicarme tanto en ingl\u00e9s como en espa\u00f1ol. All\u00ed complet\u00e9 mis estudios en Ciencias Ambientales en la Universidad Interamericana de&hellip;","_links":{"self":[{"href":"https:\/\/ideas2playcounseling.com\/en\/wp-json\/wp\/v2\/pages\/7629"}],"collection":[{"href":"https:\/\/ideas2playcounseling.com\/en\/wp-json\/wp\/v2\/pages"}],"about":[{"href":"https:\/\/ideas2playcounseling.com\/en\/wp-json\/wp\/v2\/types\/page"}],"author":[{"embeddable":true,"href":"https:\/\/ideas2playcounseling.com\/en\/wp-json\/wp\/v2\/users\/1"}],"replies":[{"embeddable":true,"href":"https:\/\/ideas2playcounseling.com\/en\/wp-json\/wp\/v2\/comments?post=7629"}],"version-history":[{"count":7,"href":"https:\/\/ideas2playcounseling.com\/en\/wp-json\/wp\/v2\/pages\/7629\/revisions"}],"predecessor-version":[{"id":7644,"href":"https:\/\/ideas2playcounseling.com\/en\/wp-json\/wp\/v2\/pages\/7629\/revisions\/7644"}],"wp:attachment":[{"href":"https:\/\/ideas2playcounseling.com\/en\/wp-json\/wp\/v2\/media?parent=7629"}],"curies":[{"name":"wp","href":"https:\/\/api.w.org\/{rel}","templated":true}]}}