{"id":7534,"date":"2025-03-02T01:03:23","date_gmt":"2025-03-02T01:03:23","guid":{"rendered":"https:\/\/ideas2playcounseling.com\/?page_id=7534"},"modified":"2025-05-20T19:42:57","modified_gmt":"2025-05-20T19:42:57","slug":"alejandro-seda","status":"publish","type":"page","link":"https:\/\/ideas2playcounseling.com\/en\/alejandro-seda\/","title":{"rendered":"Alejandro Seda"},"content":{"rendered":"<div data-elementor-type=\"wp-page\" data-elementor-id=\"7534\" class=\"elementor elementor-7534\" data-elementor-post-type=\"page\">\n\t\t\t\t<div class=\"elementor-element elementor-element-82d0b61 e-flex e-con-boxed e-con e-parent\" data-id=\"82d0b61\" data-element_type=\"container\">\n\t\t\t\t\t<div class=\"e-con-inner\">\n\t\t<div class=\"elementor-element elementor-element-989ecd5 e-con-full e-flex e-con e-child\" data-id=\"989ecd5\" data-element_type=\"container\">\n\t\t\t\t<\/div>\n\t\t<div class=\"elementor-element elementor-element-80cad93 e-con-full e-flex e-con e-child\" data-id=\"80cad93\" data-element_type=\"container\">\n\t\t\t\t<div class=\"elementor-element elementor-element-ac1854f elementor-widget elementor-widget-ct_heading\" data-id=\"ac1854f\" data-element_type=\"widget\" data-widget_type=\"ct_heading.default\">\n\t\t\t\t<div class=\"elementor-widget-container\">\n\t\t\t\t\t<div id=\"ct_heading-ac1854f\" class=\"ct-heading h-align-center item-line-bottom\">\r\n    <div class=\"heading-wrapper\">\r\n        <div class=\"inner-heading\">\r\n                        <h3 class=\"item--title case-animate-time line-bottom wow lightSpeedIn\" data-wow-delay=\"ms\">\r\n                <span>Know your Coach<\/span>            <\/h3>\r\n        <\/div>\r\n    <\/div>\r\n<\/div>\r\n\t\t\t\t<\/div>\n\t\t\t\t<\/div>\n\t\t\t\t<\/div>\n\t\t<div class=\"elementor-element elementor-element-054f0e3 e-con-full e-flex e-con e-child\" data-id=\"054f0e3\" data-element_type=\"container\">\n\t\t\t\t<\/div>\n\t\t\t\t\t<\/div>\n\t\t\t\t<\/div>\n\t\t<div class=\"elementor-element elementor-element-c3efdfd e-flex e-con-boxed e-con e-parent\" data-id=\"c3efdfd\" data-element_type=\"container\">\n\t\t\t\t\t<div class=\"e-con-inner\">\n\t\t<div class=\"elementor-element elementor-element-bb963be e-con-full e-flex e-con e-child\" data-id=\"bb963be\" data-element_type=\"container\">\n\t\t\t\t<div class=\"elementor-element elementor-element-e85c5eb elementor-widget elementor-widget-image\" data-id=\"e85c5eb\" data-element_type=\"widget\" data-widget_type=\"image.default\">\n\t\t\t\t<div class=\"elementor-widget-container\">\n\t\t\t\t\t\t\t\t\t\t\t\t\t\t\t<img fetchpriority=\"high\" decoding=\"async\" width=\"640\" height=\"853\" src=\"https:\/\/ideas2playcounseling.com\/wp-content\/uploads\/2025\/05\/alejandro_seda-about-768x1024.jpg\" class=\"attachment-large size-large wp-image-7669\" alt=\"\" srcset=\"https:\/\/ideas2playcounseling.com\/wp-content\/uploads\/2025\/05\/alejandro_seda-about-768x1024.jpg 768w, https:\/\/ideas2playcounseling.com\/wp-content\/uploads\/2025\/05\/alejandro_seda-about-225x300.jpg 225w, https:\/\/ideas2playcounseling.com\/wp-content\/uploads\/2025\/05\/alejandro_seda-about-9x12.jpg 9w, https:\/\/ideas2playcounseling.com\/wp-content\/uploads\/2025\/05\/alejandro_seda-about-600x800.jpg 600w, https:\/\/ideas2playcounseling.com\/wp-content\/uploads\/2025\/05\/alejandro_seda-about.jpg 1080w\" sizes=\"(max-width: 640px) 100vw, 640px\" \/>\t\t\t\t\t\t\t\t\t\t\t\t\t\t\t<\/div>\n\t\t\t\t<\/div>\n\t\t\t\t<\/div>\n\t\t<div class=\"elementor-element elementor-element-cc0ef36 e-con-full e-flex e-con e-child\" data-id=\"cc0ef36\" data-element_type=\"container\">\n\t\t\t\t<div class=\"elementor-element elementor-element-3e1afd8 elementor-widget elementor-widget-ct_heading\" data-id=\"3e1afd8\" data-element_type=\"widget\" data-widget_type=\"ct_heading.default\">\n\t\t\t\t<div class=\"elementor-widget-container\">\n\t\t\t\t\t<div id=\"ct_heading-3e1afd8\" class=\"ct-heading h-align-left item-line-bottom\">\r\n    <div class=\"heading-wrapper\">\r\n        <div class=\"inner-heading\">\r\n                        <h3 class=\"item--title case-animate-time line-bottom wow fadeInLeft\" data-wow-delay=\"ms\">\r\n                <span>Alejandro Seda<\/span>            <\/h3>\r\n        <\/div>\r\n    <\/div>\r\n<\/div>\r\n\t\t\t\t<\/div>\n\t\t\t\t<\/div>\n\t\t\t\t<div class=\"elementor-element elementor-element-405a4c7 elementor-widget elementor-widget-ct_text_editor\" data-id=\"405a4c7\" data-element_type=\"widget\" data-widget_type=\"ct_text_editor.default\">\n\t\t\t\t<div class=\"elementor-widget-container\">\n\t\t\t\t\t<div id=\"ct_text_editor-405a4c7\" class=\"ct-text-editor wow fadeIn\" data-wow-delay=\"ms\">\n\t<div class=\"ct-inline-css\"  data-css=\"        \t\t\">\n    <\/div>\n\t<div class=\"ct-text-editor elementor-clearfix\">\n\t\t<p>I was born and raised in Puerto Rico, I relocated to Georgia at the age of eight. I am a devoted husband and father to two wonderful children, a five-year-old son and a two-year-old daughter and expecting our third soon. A few fun facts, I have been actively employed since the age of fourteen and participated in varsity track and field throughout my high school years. With my children growing older, I am eager to resume my education and complete my studies in psychiatry. In my free time, I focus on my personal development by working out and maintaining a healthy lifestyle both mentally and physically. As a life coach, I provide guidance, support, and accountability, by helping clients navigate challenges and help unlock their full potential. My ultimate goal is to inspire and enable others to lead fulfilling and purpose-driven lives.<\/p>\t\t\n\t<\/div>\n<\/div>\t\t\t\t<\/div>\n\t\t\t\t<\/div>\n\t\t\t\t<\/div>\n\t\t<div class=\"elementor-element elementor-element-088c7c2 e-con-full e-flex e-con e-child\" data-id=\"088c7c2\" data-element_type=\"container\">\n\t\t\t\t<\/div>\n\t\t<div class=\"elementor-element elementor-element-c9c1ba7 e-con-full e-flex e-con e-child\" data-id=\"c9c1ba7\" data-element_type=\"container\">\n\t\t\t\t<div class=\"elementor-element elementor-element-8fcad93 elementor-widget elementor-widget-image\" data-id=\"8fcad93\" data-element_type=\"widget\" data-widget_type=\"image.default\">\n\t\t\t\t<div class=\"elementor-widget-container\">\n\t\t\t\t\t\t\t\t\t\t\t\t\t\t\t<img decoding=\"async\" width=\"640\" height=\"465\" src=\"https:\/\/ideas2playcounseling.com\/wp-content\/uploads\/2025\/03\/photo_2025-03-02_13-32-50.jpg\" class=\"attachment-large size-large wp-image-7576\" alt=\"\" srcset=\"https:\/\/ideas2playcounseling.com\/wp-content\/uploads\/2025\/03\/photo_2025-03-02_13-32-50.jpg 1001w, https:\/\/ideas2playcounseling.com\/wp-content\/uploads\/2025\/03\/photo_2025-03-02_13-32-50-300x218.jpg 300w, https:\/\/ideas2playcounseling.com\/wp-content\/uploads\/2025\/03\/photo_2025-03-02_13-32-50-768x559.jpg 768w, https:\/\/ideas2playcounseling.com\/wp-content\/uploads\/2025\/03\/photo_2025-03-02_13-32-50-18x12.jpg 18w, https:\/\/ideas2playcounseling.com\/wp-content\/uploads\/2025\/03\/photo_2025-03-02_13-32-50-350x255.jpg 350w, https:\/\/ideas2playcounseling.com\/wp-content\/uploads\/2025\/03\/photo_2025-03-02_13-32-50-600x436.jpg 600w\" sizes=\"(max-width: 640px) 100vw, 640px\" \/>\t\t\t\t\t\t\t\t\t\t\t\t\t\t\t<\/div>\n\t\t\t\t<\/div>\n\t\t\t\t<\/div>\n\t\t\t\t\t<\/div>\n\t\t\t\t<\/div>\n\t\t\t\t<\/div>","protected":false},"excerpt":{"rendered":"<p>Conoce a tu Coach Alejandro Seda Nac\u00ed y crec\u00ed en Puerto Rico y me mud\u00e9 a Georgia a los ocho a\u00f1os. Soy un esposo y padre dedicado de dos hijos maravillosos: un ni\u00f1o de cinco a\u00f1os y una ni\u00f1a de dos, y pronto espero al tercero. Algunos datos curiosos: he trabajado activamente desde los catorce [&hellip;]<\/p>","protected":false},"author":1,"featured_media":0,"parent":0,"menu_order":0,"comment_status":"closed","ping_status":"closed","template":"","meta":{"_uag_custom_page_level_css":"","footnotes":""},"class_list":["post-7534","page","type-page","status-publish","hentry"],"uagb_featured_image_src":{"full":false,"thumbnail":false,"medium":false,"medium_large":false,"large":false,"1536x1536":false,"2048x2048":false,"trp-custom-language-flag":false,"mindset-avatar":false,"mindset-nav":false,"mindset-thumbnail":false,"mindset-post":false,"mindset-related-post":false,"mindset-portfolio":false,"woocommerce_thumbnail":false,"woocommerce_single":false,"woocommerce_gallery_thumbnail":false,"woosc-large":false,"woosc-small":false,"woosq":false},"uagb_author_info":{"display_name":"onlykhaz@gmail.com","author_link":"https:\/\/ideas2playcounseling.com\/en\/author\/onlykhazgmail-com\/"},"uagb_comment_info":0,"uagb_excerpt":"Conoce a tu Coach Alejandro Seda Nac\u00ed y crec\u00ed en Puerto Rico y me mud\u00e9 a Georgia a los ocho a\u00f1os. Soy un esposo y padre dedicado de dos hijos maravillosos: un ni\u00f1o de cinco a\u00f1os y una ni\u00f1a de dos, y pronto espero al tercero. Algunos datos curiosos: he trabajado activamente desde los catorce&hellip;","_links":{"self":[{"href":"https:\/\/ideas2playcounseling.com\/en\/wp-json\/wp\/v2\/pages\/7534"}],"collection":[{"href":"https:\/\/ideas2playcounseling.com\/en\/wp-json\/wp\/v2\/pages"}],"about":[{"href":"https:\/\/ideas2playcounseling.com\/en\/wp-json\/wp\/v2\/types\/page"}],"author":[{"embeddable":true,"href":"https:\/\/ideas2playcounseling.com\/en\/wp-json\/wp\/v2\/users\/1"}],"replies":[{"embeddable":true,"href":"https:\/\/ideas2playcounseling.com\/en\/wp-json\/wp\/v2\/comments?post=7534"}],"version-history":[{"count":21,"href":"https:\/\/ideas2playcounseling.com\/en\/wp-json\/wp\/v2\/pages\/7534\/revisions"}],"predecessor-version":[{"id":7672,"href":"https:\/\/ideas2playcounseling.com\/en\/wp-json\/wp\/v2\/pages\/7534\/revisions\/7672"}],"wp:attachment":[{"href":"https:\/\/ideas2playcounseling.com\/en\/wp-json\/wp\/v2\/media?parent=7534"}],"curies":[{"name":"wp","href":"https:\/\/api.w.org\/{rel}","templated":true}]}}