{"id":32,"date":"2022-01-22T15:12:15","date_gmt":"2022-01-22T15:12:15","guid":{"rendered":"https:\/\/ideas2playcounseling.com\/blog-grid\/"},"modified":"2025-11-04T15:01:14","modified_gmt":"2025-11-04T15:01:14","slug":"contenido","status":"publish","type":"page","link":"https:\/\/ideas2playcounseling.com\/en\/contenido\/","title":{"rendered":"Contenido"},"content":{"rendered":"<div data-elementor-type=\"wp-page\" data-elementor-id=\"32\" class=\"elementor elementor-32\" data-elementor-post-type=\"page\">\n\t\t\t\t        <section class=\"elementor-section elementor-top-section elementor-element elementor-element-c490886 elementor-section-boxed elementor-section-height-default elementor-section-height-default ct-header-fixed-none ct-column-none ct-row-scroll-none ct-row-gradient--none ct-row-container--default\" data-id=\"c490886\" data-element_type=\"section\">\n            \n                        <div class=\"elementor-container elementor-column-gap-extended\">\n                    <div class=\"elementor-column elementor-col-100 elementor-top-column elementor-element elementor-element-d4cd8ea ct-column-none col-offset-none\" data-id=\"d4cd8ea\" data-element_type=\"column\">\n        <div class=\"elementor-widget-wrap elementor-element-populated\">\n                    \n        \t\t<div class=\"elementor-element elementor-element-0b06d1d elementor-widget elementor-widget-heading\" data-id=\"0b06d1d\" data-element_type=\"widget\" data-widget_type=\"heading.default\">\n\t\t\t\t<div class=\"elementor-widget-container\">\n\t\t\t\t\t<h2 class=\"elementor-heading-title elementor-size-default\">Exploraci\u00f3n de Ideas: <br>\nDescubre Perspectivas que Transforman<\/h2>\t\t\t\t<\/div>\n\t\t\t\t<\/div>\n\t\t\t\t<div class=\"elementor-element elementor-element-292237f elementor-widget elementor-widget-spacer\" data-id=\"292237f\" data-element_type=\"widget\" data-widget_type=\"spacer.default\">\n\t\t\t\t<div class=\"elementor-widget-container\">\n\t\t\t\t\t\t\t<div class=\"elementor-spacer\">\n\t\t\t<div class=\"elementor-spacer-inner\"><\/div>\n\t\t<\/div>\n\t\t\t\t\t\t<\/div>\n\t\t\t\t<\/div>\n\t\t\t\t<div class=\"elementor-element elementor-element-f358b7c elementor-widget elementor-widget-ct_text_editor\" data-id=\"f358b7c\" data-element_type=\"widget\" data-widget_type=\"ct_text_editor.default\">\n\t\t\t\t<div class=\"elementor-widget-container\">\n\t\t\t\t\t<div id=\"ct_text_editor-f358b7c\" class=\"ct-text-editor\" data-wow-delay=\"ms\">\n\t<div class=\"ct-inline-css\"  data-css=\"        \t\t\">\n    <\/div>\n\t<div class=\"ct-text-editor elementor-clearfix\">\n\t\t<h5><span style=\"color: #333333\">Bienvenido a tu espacio de curiosidad. Aqu\u00ed, cada contenido es una puerta a un nuevo concepto, una estrategia fresca o una historia inspiradora. No solo explores ideas&#8230; encuentra las que resonar\u00e1n contigo y cambiar\u00e1n tu manera de ver las cosas.<\/span><\/h5>\t\t\n\t<\/div>\n<\/div>\t\t\t\t<\/div>\n\t\t\t\t<\/div>\n\t\t\t\t<div class=\"elementor-element elementor-element-566c2af elementor-widget elementor-widget-spacer\" data-id=\"566c2af\" data-element_type=\"widget\" data-widget_type=\"spacer.default\">\n\t\t\t\t<div class=\"elementor-widget-container\">\n\t\t\t\t\t\t\t<div class=\"elementor-spacer\">\n\t\t\t<div class=\"elementor-spacer-inner\"><\/div>\n\t\t<\/div>\n\t\t\t\t\t\t<\/div>\n\t\t\t\t<\/div>\n\t\t\t\t<div class=\"elementor-element elementor-element-4305c74 elementor-widget elementor-widget-ct_blog_grid\" data-id=\"4305c74\" data-element_type=\"widget\" data-widget_type=\"ct_blog_grid.default\">\n\t\t\t\t<div class=\"elementor-widget-container\">\n\t\t\t\t\t\r\n<div id=\"ct_blog_grid-4305c74\" class=\"ct-grid ct-blog-grid ct-blog-grid-layout2\" data-layout=\"masonry\" data-start-page=\"1\" data-max-pages=\"1\" data-total=\"3\" data-perpage=\"6\" data-next-link=\"\">\r\n    <div class=\"ct-grid-overlay\"><\/div>\r\n    \r\n    <div class=\"ct-grid-inner ct-grid-masonry row animate-time\" data-gutter=\"15\">\r\n                            <div class=\"grid-item col-xl-4 col-lg-4 col-md-6 col-sm-6 col-12 tda\">\r\n                        <div class=\"grid-item-inner\" data-wow-duration=\"1.2s\">\r\n                                                            <div class=\"item--featured\">\r\n                                    <a href=\"https:\/\/ideas2playcounseling.com\/en\/la-atencion-en-el-salon-de-clases-y-el-tda\/\"><img fetchpriority=\"high\" decoding=\"async\" class=\"\" src=\"https:\/\/ideas2playcounseling.com\/wp-content\/uploads\/2025\/06\/blog-atencion-salon-clases-TDA-1-500x425.png\" width=\"500\" height=\"425\" alt=\"blog-atenci\u00f3n-sal\u00f3n-clases-TDA-1\" title=\"blog-atenci\u00f3n-sal\u00f3n-clases-TDA-1\" \/><\/a>\r\n                                <\/div>\r\n                                                        <div class=\"item--body\">\r\n                                                                    <a class=\"btn-readmore\" href=\"https:\/\/ideas2playcounseling.com\/en\/la-atencion-en-el-salon-de-clases-y-el-tda\/\">\r\n                                        <i class=\"flaticon flaticon-plus\"><\/i>\r\n                                    <\/a>\r\n                                                                <h3 class=\"item--title\"><a href=\"https:\/\/ideas2playcounseling.com\/en\/la-atencion-en-el-salon-de-clases-y-el-tda\/\">Attention in the classroom and ADHD<\/a><\/h3>\r\n                                                                    <ul class=\"item--meta\">\r\n                                                                                    <li class=\"item--category\">\r\n                                                <i class=\"caseicon-tags\"><\/i>\r\n                                                <a href=\"https:\/\/ideas2playcounseling.com\/en\/category\/tda\/\" rel=\"tag\">ADHD<\/a>                                            <\/li>\r\n                                                                                                                            <li class=\"item--comment\">\r\n                                                <a href=\"https:\/\/ideas2playcounseling.com\/en\/contenido\/\">\r\n                                                    <i class=\"caseicon-comment-solid\"><\/i>\r\n                                                    0 Comments                                                <\/a>\r\n                                            <\/li>\r\n                                                                            <\/ul>\r\n                                                            <\/div>\r\n                        <\/div>\r\n                    <\/div>\r\n                                    <div class=\"grid-item col-xl-4 col-lg-4 col-md-6 col-sm-6 col-12 depresion\">\r\n                        <div class=\"grid-item-inner\" data-wow-duration=\"1.2s\">\r\n                                                            <div class=\"item--featured\">\r\n                                    <a href=\"https:\/\/ideas2playcounseling.com\/en\/mas-alla-de-la-tristeza-posparto\/\"><img decoding=\"async\" class=\"\" src=\"https:\/\/ideas2playcounseling.com\/wp-content\/uploads\/2025\/06\/blog-Mas-alla-tristeza-posparto-2-500x425.png\" width=\"500\" height=\"425\" alt=\"blog-M\u00e1s-all\u00e1-tristeza-posparto-2\" title=\"blog-M\u00e1s-all\u00e1-tristeza-posparto-2\" \/><\/a>\r\n                                <\/div>\r\n                                                        <div class=\"item--body\">\r\n                                                                    <a class=\"btn-readmore\" href=\"https:\/\/ideas2playcounseling.com\/en\/mas-alla-de-la-tristeza-posparto\/\">\r\n                                        <i class=\"flaticon flaticon-plus\"><\/i>\r\n                                    <\/a>\r\n                                                                <h3 class=\"item--title\"><a href=\"https:\/\/ideas2playcounseling.com\/en\/mas-alla-de-la-tristeza-posparto\/\">Beyond the Baby Blues<\/a><\/h3>\r\n                                                                    <ul class=\"item--meta\">\r\n                                                                                    <li class=\"item--category\">\r\n                                                <i class=\"caseicon-tags\"><\/i>\r\n                                                <a href=\"https:\/\/ideas2playcounseling.com\/en\/category\/depresion\/\" rel=\"tag\">Depression<\/a>                                            <\/li>\r\n                                                                                                                            <li class=\"item--comment\">\r\n                                                <a href=\"https:\/\/ideas2playcounseling.com\/en\/contenido\/\">\r\n                                                    <i class=\"caseicon-comment-solid\"><\/i>\r\n                                                    0 Comments                                                <\/a>\r\n                                            <\/li>\r\n                                                                            <\/ul>\r\n                                                            <\/div>\r\n                        <\/div>\r\n                    <\/div>\r\n                                    <div class=\"grid-item col-xl-4 col-lg-4 col-md-6 col-sm-6 col-12 parenting\">\r\n                        <div class=\"grid-item-inner\" data-wow-duration=\"1.2s\">\r\n                                                            <div class=\"item--featured\">\r\n                                    <a href=\"https:\/\/ideas2playcounseling.com\/en\/la-crianza-de-los-hijos\/\"><img decoding=\"async\" class=\"\" src=\"https:\/\/ideas2playcounseling.com\/wp-content\/uploads\/2025\/06\/blog-crianza-hijos-1-500x425.png\" width=\"500\" height=\"425\" alt=\"blog-crianza-hijos-1\" title=\"blog-crianza-hijos-1\" \/><\/a>\r\n                                <\/div>\r\n                                                        <div class=\"item--body\">\r\n                                                                    <a class=\"btn-readmore\" href=\"https:\/\/ideas2playcounseling.com\/en\/la-crianza-de-los-hijos\/\">\r\n                                        <i class=\"flaticon flaticon-plus\"><\/i>\r\n                                    <\/a>\r\n                                                                <h3 class=\"item--title\"><a href=\"https:\/\/ideas2playcounseling.com\/en\/la-crianza-de-los-hijos\/\">Parenting<\/a><\/h3>\r\n                                                                    <ul class=\"item--meta\">\r\n                                                                                    <li class=\"item--category\">\r\n                                                <i class=\"caseicon-tags\"><\/i>\r\n                                                <a href=\"https:\/\/ideas2playcounseling.com\/en\/category\/parenting\/\" rel=\"tag\">Parenting<\/a>                                            <\/li>\r\n                                                                                                                            <li class=\"item--comment\">\r\n                                                <a href=\"https:\/\/ideas2playcounseling.com\/en\/contenido\/\">\r\n                                                    <i class=\"caseicon-comment-solid\"><\/i>\r\n                                                    0 Comments                                                <\/a>\r\n                                            <\/li>\r\n                                                                            <\/ul>\r\n                                                            <\/div>\r\n                        <\/div>\r\n                    <\/div>\r\n                                    <div class=\"grid-sizer col-xl-4 col-lg-4 col-md-6 col-sm-6 col-12\"><\/div>\r\n            <\/div>\r\n            <div class=\"ct-grid-pagination\" data-loadmore=\"{&quot;startPage&quot;:1,&quot;maxPages&quot;:1,&quot;total&quot;:3,&quot;perpage&quot;:6,&quot;nextLink&quot;:&quot;&quot;,&quot;source&quot;:&quot;&quot;,&quot;orderby&quot;:&quot;date&quot;,&quot;order&quot;:&quot;desc&quot;,&quot;limit&quot;:6,&quot;post_ids&quot;:&quot;&quot;,&quot;col_xl&quot;:4,&quot;col_lg&quot;:4,&quot;col_md&quot;:6,&quot;col_sm&quot;:6,&quot;col_xs&quot;:12,&quot;pagination_type&quot;:&quot;pagination&quot;,&quot;show_category&quot;:&quot;true&quot;,&quot;show_comment&quot;:&quot;true&quot;,&quot;show_button&quot;:&quot;true&quot;,&quot;button_text&quot;:&quot;&quot;,&quot;show_excerpt&quot;:&quot;true&quot;,&quot;num_words&quot;:15,&quot;img_size&quot;:&quot;&quot;,&quot;grid_masonry&quot;:&quot;&quot;,&quot;ct_animate&quot;:&quot;&quot;,&quot;template_type&quot;:&quot;post_grid_layout2&quot;,&quot;tax&quot;:[&quot;category&quot;]}\" data-query=\"{&quot;post_type&quot;:&quot;post&quot;,&quot;post_status&quot;:&quot;publish&quot;,&quot;posts_per_page&quot;:6,&quot;order&quot;:&quot;desc&quot;,&quot;orderby&quot;:&quot;date&quot;,&quot;tax_query&quot;:{&quot;relation&quot;:&quot;OR&quot;},&quot;post__not_in&quot;:[32]}\">\r\n                    <\/div>\r\n        <\/div>\t\t\t\t<\/div>\n\t\t\t\t<\/div>\n\t\t            <\/div>\n        <\/div>\n                    <\/div>\n        <\/section>\n        \t\t<\/div>","protected":false},"excerpt":{"rendered":"<p>Exploraci\u00f3n de Ideas: Descubre Perspectivas que Transforman Bienvenido a tu espacio de curiosidad. Aqu\u00ed, cada contenido es una puerta a un nuevo concepto, una estrategia fresca o una historia inspiradora. No solo explores ideas&#8230; encuentra las que resonar\u00e1n contigo y cambiar\u00e1n tu manera de ver las cosas. La Atenci\u00f3n en el sal\u00f3n de clases y [&hellip;]<\/p>","protected":false},"author":1,"featured_media":0,"parent":0,"menu_order":0,"comment_status":"closed","ping_status":"closed","template":"","meta":{"_uag_custom_page_level_css":"","footnotes":""},"class_list":["post-32","page","type-page","status-publish","hentry"],"uagb_featured_image_src":{"full":false,"thumbnail":false,"medium":false,"medium_large":false,"large":false,"1536x1536":false,"2048x2048":false,"trp-custom-language-flag":false,"mindset-avatar":false,"mindset-nav":false,"mindset-thumbnail":false,"mindset-post":false,"mindset-related-post":false,"mindset-portfolio":false,"woocommerce_thumbnail":false,"woocommerce_single":false,"woocommerce_gallery_thumbnail":false,"woosc-large":false,"woosc-small":false,"woosq":false},"uagb_author_info":{"display_name":"onlykhaz@gmail.com","author_link":"https:\/\/ideas2playcounseling.com\/en\/author\/onlykhazgmail-com\/"},"uagb_comment_info":0,"uagb_excerpt":"Exploraci\u00f3n de Ideas: Descubre Perspectivas que Transforman Bienvenido a tu espacio de curiosidad. Aqu\u00ed, cada contenido es una puerta a un nuevo concepto, una estrategia fresca o una historia inspiradora. No solo explores ideas&#8230; encuentra las que resonar\u00e1n contigo y cambiar\u00e1n tu manera de ver las cosas. La Atenci\u00f3n en el sal\u00f3n de clases y&hellip;","_links":{"self":[{"href":"https:\/\/ideas2playcounseling.com\/en\/wp-json\/wp\/v2\/pages\/32"}],"collection":[{"href":"https:\/\/ideas2playcounseling.com\/en\/wp-json\/wp\/v2\/pages"}],"about":[{"href":"https:\/\/ideas2playcounseling.com\/en\/wp-json\/wp\/v2\/types\/page"}],"author":[{"embeddable":true,"href":"https:\/\/ideas2playcounseling.com\/en\/wp-json\/wp\/v2\/users\/1"}],"replies":[{"embeddable":true,"href":"https:\/\/ideas2playcounseling.com\/en\/wp-json\/wp\/v2\/comments?post=32"}],"version-history":[{"count":17,"href":"https:\/\/ideas2playcounseling.com\/en\/wp-json\/wp\/v2\/pages\/32\/revisions"}],"predecessor-version":[{"id":8003,"href":"https:\/\/ideas2playcounseling.com\/en\/wp-json\/wp\/v2\/pages\/32\/revisions\/8003"}],"wp:attachment":[{"href":"https:\/\/ideas2playcounseling.com\/en\/wp-json\/wp\/v2\/media?parent=32"}],"curies":[{"name":"wp","href":"https:\/\/api.w.org\/{rel}","templated":true}]}}