{"id":1307,"date":"2022-02-26T07:59:19","date_gmt":"2022-02-26T07:59:19","guid":{"rendered":"https:\/\/ideas2playcounseling.com\/our-pricing\/"},"modified":"2025-09-01T15:03:56","modified_gmt":"2025-09-01T15:03:56","slug":"tests","status":"publish","type":"page","link":"https:\/\/ideas2playcounseling.com\/en\/tests\/","title":{"rendered":"Tests"},"content":{"rendered":"<div data-elementor-type=\"wp-page\" data-elementor-id=\"1307\" class=\"elementor elementor-1307\" data-elementor-post-type=\"page\">\n\t\t\t\t        <section class=\"elementor-section elementor-top-section elementor-element elementor-element-a358845 elementor-section-stretched elementor-section-boxed elementor-section-height-default elementor-section-height-default ct-header-fixed-none ct-column-none ct-row-scroll-none ct-row-gradient--none ct-row-container--default\" data-id=\"a358845\" data-element_type=\"section\" data-settings=\"{&quot;stretch_section&quot;:&quot;section-stretched&quot;}\">\n            \n                        <div class=\"elementor-container elementor-column-gap-extended\">\n                    <div class=\"elementor-column elementor-col-100 elementor-top-column elementor-element elementor-element-ca31a65 ct-column-none col-offset-none\" data-id=\"ca31a65\" data-element_type=\"column\">\n        <div class=\"elementor-widget-wrap elementor-element-populated\">\n                    \n        \t\t<div class=\"elementor-element elementor-element-3b9395a elementor-widget elementor-widget-heading\" data-id=\"3b9395a\" data-element_type=\"widget\" data-widget_type=\"heading.default\">\n\t\t\t\t<div class=\"elementor-widget-container\">\n\t\t\t\t\t<h2 class=\"elementor-heading-title elementor-size-default\">Tests<\/h2>\t\t\t\t<\/div>\n\t\t\t\t<\/div>\n\t\t\t\t<div class=\"elementor-element elementor-element-8d2be07 elementor-widget elementor-widget-text-editor\" data-id=\"8d2be07\" data-element_type=\"widget\" data-widget_type=\"text-editor.default\">\n\t\t\t\t<div class=\"elementor-widget-container\">\n\t\t\t\t\t\t\t\t\t<div class=\"elementor-element elementor-element-3406890 e-flex e-con-boxed e-con e-parent e-lazyloaded\" data-id=\"3406890\" data-element_type=\"container\"><div class=\"e-con-inner\"><div class=\"elementor-element elementor-element-3790285 elementor-widget elementor-widget-ct_text_editor\" data-id=\"3790285\" data-element_type=\"widget\" data-widget_type=\"ct_text_editor.default\"><div class=\"elementor-widget-container\"><div id=\"ct_text_editor-3790285\" class=\"ct-text-editor\" data-wow-delay=\"ms\"><div class=\"ct-text-editor elementor-clearfix\"><p>Your mental well-being matters! Find free assessments designed by experts here. Discover practical tests that will help you reflect on your emotional health. Everything is confidential, free, and accessible in just one click. \ud83c\udf31<\/p><\/div><\/div><\/div><\/div><\/div><\/div>\t\t\t\t\t\t\t\t<\/div>\n\t\t\t\t<\/div>\n\t\t            <\/div>\n        <\/div>\n                    <\/div>\n        <\/section>\n                <section class=\"elementor-section elementor-top-section elementor-element elementor-element-f153d4c elementor-section-stretched elementor-section-boxed elementor-section-height-default elementor-section-height-default ct-header-fixed-none ct-column-none ct-row-scroll-none ct-row-gradient--none ct-row-container--default\" data-id=\"f153d4c\" data-element_type=\"section\" data-settings=\"{&quot;stretch_section&quot;:&quot;section-stretched&quot;}\">\n            \n                        <div class=\"elementor-container elementor-column-gap-extended\">\n                    <div class=\"elementor-column elementor-col-33 elementor-top-column elementor-element elementor-element-d8f282a ct-column-none col-offset-none\" data-id=\"d8f282a\" data-element_type=\"column\">\n        <div class=\"elementor-widget-wrap elementor-element-populated\">\n                    \n        \t\t<div class=\"elementor-element elementor-element-3320842 elementor-widget elementor-widget-ct_pricing_single\" data-id=\"3320842\" data-element_type=\"widget\" data-widget_type=\"ct_pricing_single.default\">\n\t\t\t\t<div class=\"elementor-widget-container\">\n\t\t\t\t\t<div class=\"ct-pricing ct-pricing-single1 wow zoomOut pricing-active\" data-wow-delay=\"ms\">\r\n    <div class=\"pricing--meta\">\r\n                    <div class=\"item--image bg-image\" style=\"background-image: url(https:\/\/ideas2playcounseling.com\/wp-content\/uploads\/2025\/08\/phq-9-scaled.jpg);\"><\/div>\r\n                <div class=\"pricing--icon\">\r\n            <div class=\"inner-pricing\">\r\n                <div class=\"pricing--price\"><\/div>\r\n                <span class=\"pricing--month\"><\/span>\r\n            <\/div>\r\n        <\/div>\r\n    <\/div>\r\n    <div class=\"pricing--holder\">\r\n        <h5 class=\"pricing--title\">Depression<\/h5>\r\n                    <ul class=\"pricing--feature\">\r\n                                    <li class=\"no-active\">\r\n                                                                            <i class=\"caseicon caseicon-close-alt\"><\/i>\r\n                                            <\/li>\r\n                            <\/ul>\r\n                            <div class=\"pricing--button\">\r\n                <a class=\"btn btn-primary\" href=\"https:\/\/docs.google.com\/forms\/d\/e\/1FAIpQLSca03MY8HkTYUmgbKlnsyJ8aBcCyIRZM_HaJvsBLuxWBXCjqQ\/viewform?usp=header\">Go<\/a>\r\n            <\/div>\r\n            <\/div>\r\n<\/div>\t\t\t\t<\/div>\n\t\t\t\t<\/div>\n\t\t            <\/div>\n        <\/div>\n                <div class=\"elementor-column elementor-col-33 elementor-top-column elementor-element elementor-element-d63c03f ct-column-none col-offset-none\" data-id=\"d63c03f\" data-element_type=\"column\">\n        <div class=\"elementor-widget-wrap elementor-element-populated\">\n                    \n        \t\t<div class=\"elementor-element elementor-element-ae6dbd4 elementor-widget elementor-widget-ct_pricing_single\" data-id=\"ae6dbd4\" data-element_type=\"widget\" data-widget_type=\"ct_pricing_single.default\">\n\t\t\t\t<div class=\"elementor-widget-container\">\n\t\t\t\t\t<div class=\"ct-pricing ct-pricing-single1 wow zoomOut pricing-active\" data-wow-delay=\"ms\">\r\n    <div class=\"pricing--meta\">\r\n                    <div class=\"item--image bg-image\" style=\"background-image: url(https:\/\/ideas2playcounseling.com\/wp-content\/uploads\/2025\/08\/anger-managment-scaled.jpg);\"><\/div>\r\n                <div class=\"pricing--icon\">\r\n            <div class=\"inner-pricing\">\r\n                <div class=\"pricing--price\"><\/div>\r\n                <span class=\"pricing--month\"><\/span>\r\n            <\/div>\r\n        <\/div>\r\n    <\/div>\r\n    <div class=\"pricing--holder\">\r\n        <h5 class=\"pricing--title\">Anger Management<\/h5>\r\n                    <ul class=\"pricing--feature\">\r\n                                    <li class=\"no-active\">\r\n                                                                            <i class=\"caseicon caseicon-close-alt\"><\/i>\r\n                                            <\/li>\r\n                            <\/ul>\r\n                            <div class=\"pricing--button\">\r\n                <a class=\"btn btn-primary\" href=\"https:\/\/docs.google.com\/forms\/d\/e\/1FAIpQLSd2CgesxlF2BE0s7YDIulMpRsVOtOdT4RezJJoGoY0w5IqZ1w\/viewform?usp=header\">Do it<\/a>\r\n            <\/div>\r\n            <\/div>\r\n<\/div>\t\t\t\t<\/div>\n\t\t\t\t<\/div>\n\t\t            <\/div>\n        <\/div>\n                <div class=\"elementor-column elementor-col-33 elementor-top-column elementor-element elementor-element-48e4606 ct-column-none col-offset-none\" data-id=\"48e4606\" data-element_type=\"column\">\n        <div class=\"elementor-widget-wrap elementor-element-populated\">\n                    \n        \t\t<div class=\"elementor-element elementor-element-92d051e elementor-widget elementor-widget-ct_pricing_single\" data-id=\"92d051e\" data-element_type=\"widget\" data-widget_type=\"ct_pricing_single.default\">\n\t\t\t\t<div class=\"elementor-widget-container\">\n\t\t\t\t\t<div class=\"ct-pricing ct-pricing-single1 wow zoomOut pricing-active\" data-wow-delay=\"ms\">\r\n    <div class=\"pricing--meta\">\r\n                    <div class=\"item--image bg-image\" style=\"background-image: url(https:\/\/ideas2playcounseling.com\/wp-content\/uploads\/2025\/08\/evitar-conflicto-scaled.jpg);\"><\/div>\r\n                <div class=\"pricing--icon\">\r\n            <div class=\"inner-pricing\">\r\n                <div class=\"pricing--price\"><\/div>\r\n                <span class=\"pricing--month\"><\/span>\r\n            <\/div>\r\n        <\/div>\r\n    <\/div>\r\n    <div class=\"pricing--holder\">\r\n        <h5 class=\"pricing--title\">Conflict Avoidance<\/h5>\r\n                    <ul class=\"pricing--feature\">\r\n                                    <li class=\"no-active\">\r\n                                                                            <i class=\"caseicon caseicon-close-alt\"><\/i>\r\n                                            <\/li>\r\n                            <\/ul>\r\n                            <div class=\"pricing--button\">\r\n                <a class=\"btn btn-primary\" href=\"https:\/\/docs.google.com\/forms\/d\/e\/1FAIpQLSfrzmRNS9HEHYKDiFoRaDBI-z28HcVDhe9xGBRno_TyFFzcxA\/viewform?usp=header\">Start<\/a>\r\n            <\/div>\r\n            <\/div>\r\n<\/div>\t\t\t\t<\/div>\n\t\t\t\t<\/div>\n\t\t            <\/div>\n        <\/div>\n                    <\/div>\n        <\/section>\n                <section class=\"elementor-section elementor-top-section elementor-element elementor-element-4b1290a elementor-section-stretched elementor-section-boxed elementor-section-height-default elementor-section-height-default ct-header-fixed-none ct-column-none ct-row-scroll-none ct-row-gradient--none ct-row-container--default\" data-id=\"4b1290a\" data-element_type=\"section\" data-settings=\"{&quot;stretch_section&quot;:&quot;section-stretched&quot;}\">\n            \n                        <div class=\"elementor-container elementor-column-gap-extended\">\n                    <div class=\"elementor-column elementor-col-33 elementor-top-column elementor-element elementor-element-540448f ct-column-none col-offset-none\" data-id=\"540448f\" data-element_type=\"column\">\n        <div class=\"elementor-widget-wrap elementor-element-populated\">\n                    \n        \t\t<div class=\"elementor-element elementor-element-c7542fb elementor-widget elementor-widget-ct_pricing_single\" data-id=\"c7542fb\" data-element_type=\"widget\" data-widget_type=\"ct_pricing_single.default\">\n\t\t\t\t<div class=\"elementor-widget-container\">\n\t\t\t\t\t<div class=\"ct-pricing ct-pricing-single1 wow zoomOut pricing-active\" data-wow-delay=\"ms\">\r\n    <div class=\"pricing--meta\">\r\n                    <div class=\"item--image bg-image\" style=\"background-image: url(https:\/\/ideas2playcounseling.com\/wp-content\/uploads\/2025\/08\/pareja-satisfecha.jpg);\"><\/div>\r\n                <div class=\"pricing--icon\">\r\n            <div class=\"inner-pricing\">\r\n                <div class=\"pricing--price\"><\/div>\r\n                <span class=\"pricing--month\"><\/span>\r\n            <\/div>\r\n        <\/div>\r\n    <\/div>\r\n    <div class=\"pricing--holder\">\r\n        <h5 class=\"pricing--title\">Relationship Satisfaction<\/h5>\r\n                    <ul class=\"pricing--feature\">\r\n                                    <li class=\"no-active\">\r\n                                                                            <i class=\"caseicon caseicon-close-alt\"><\/i>\r\n                                            <\/li>\r\n                            <\/ul>\r\n                            <div class=\"pricing--button\">\r\n                <a class=\"btn btn-primary\" href=\"https:\/\/docs.google.com\/forms\/d\/e\/1FAIpQLScm8hVi9EN2COJEffBzB9-3KTjoqcLa_mIegdMoqrJ3nTU7aQ\/viewform?usp=header\">I'm in<\/a>\r\n            <\/div>\r\n            <\/div>\r\n<\/div>\t\t\t\t<\/div>\n\t\t\t\t<\/div>\n\t\t            <\/div>\n        <\/div>\n                <div class=\"elementor-column elementor-col-33 elementor-top-column elementor-element elementor-element-1b60711 ct-column-none col-offset-none\" data-id=\"1b60711\" data-element_type=\"column\">\n        <div class=\"elementor-widget-wrap elementor-element-populated\">\n                    \n        \t\t<div class=\"elementor-element elementor-element-c9c5362 elementor-widget elementor-widget-ct_pricing_single\" data-id=\"c9c5362\" data-element_type=\"widget\" data-widget_type=\"ct_pricing_single.default\">\n\t\t\t\t<div class=\"elementor-widget-container\">\n\t\t\t\t\t<div class=\"ct-pricing ct-pricing-single1 wow zoomOut pricing-active\" data-wow-delay=\"ms\">\r\n    <div class=\"pricing--meta\">\r\n                    <div class=\"item--image bg-image\" style=\"background-image: url(https:\/\/ideas2playcounseling.com\/wp-content\/uploads\/2025\/08\/necesito-terapia-scaled.jpg);\"><\/div>\r\n                <div class=\"pricing--icon\">\r\n            <div class=\"inner-pricing\">\r\n                <div class=\"pricing--price\"><\/div>\r\n                <span class=\"pricing--month\"><\/span>\r\n            <\/div>\r\n        <\/div>\r\n    <\/div>\r\n    <div class=\"pricing--holder\">\r\n        <h5 class=\"pricing--title\">Do I Need Therapy? <\/h5>\r\n                    <ul class=\"pricing--feature\">\r\n                                    <li class=\"no-active\">\r\n                                                                            <i class=\"caseicon caseicon-close-alt\"><\/i>\r\n                                            <\/li>\r\n                            <\/ul>\r\n                            <div class=\"pricing--button\">\r\n                <a class=\"btn btn-primary\" href=\"https:\/\/docs.google.com\/forms\/d\/e\/1FAIpQLSfkXCbhrGyIUDRpLs0nbpWGBpx5VRSEwTmHdkFsLpjwA_KZIA\/viewform?usp=header\">Click Here<\/a>\r\n            <\/div>\r\n            <\/div>\r\n<\/div>\t\t\t\t<\/div>\n\t\t\t\t<\/div>\n\t\t            <\/div>\n        <\/div>\n                <div class=\"elementor-column elementor-col-33 elementor-top-column elementor-element elementor-element-5b43071 ct-column-none col-offset-none\" data-id=\"5b43071\" data-element_type=\"column\">\n        <div class=\"elementor-widget-wrap elementor-element-populated\">\n                    \n        \t\t<div class=\"elementor-element elementor-element-82b92c2 elementor-widget elementor-widget-ct_pricing_single\" data-id=\"82b92c2\" data-element_type=\"widget\" data-widget_type=\"ct_pricing_single.default\">\n\t\t\t\t<div class=\"elementor-widget-container\">\n\t\t\t\t\t<div class=\"ct-pricing ct-pricing-single1 wow zoomOut pricing-active\" data-wow-delay=\"ms\">\r\n    <div class=\"pricing--meta\">\r\n                    <div class=\"item--image bg-image\" style=\"background-image: url(https:\/\/ideas2playcounseling.com\/wp-content\/uploads\/2025\/08\/healthy-lifestyle-scaled.jpg);\"><\/div>\r\n                <div class=\"pricing--icon\">\r\n            <div class=\"inner-pricing\">\r\n                <div class=\"pricing--price\"><\/div>\r\n                <span class=\"pricing--month\"><\/span>\r\n            <\/div>\r\n        <\/div>\r\n    <\/div>\r\n    <div class=\"pricing--holder\">\r\n        <h5 class=\"pricing--title\">Healthy Lifestyle<\/h5>\r\n                    <ul class=\"pricing--feature\">\r\n                                    <li class=\"no-active\">\r\n                                                                            <i class=\"caseicon caseicon-close-alt\"><\/i>\r\n                                            <\/li>\r\n                            <\/ul>\r\n                            <div class=\"pricing--button\">\r\n                <a class=\"btn btn-primary\" href=\"https:\/\/docs.google.com\/forms\/d\/e\/1FAIpQLSehZ0yCKJtrTkNe0H1wlVA9-KvMspFTu0xF1bM5QZrjXE3aNw\/viewform?usp=header\">Come on<\/a>\r\n            <\/div>\r\n            <\/div>\r\n<\/div>\t\t\t\t<\/div>\n\t\t\t\t<\/div>\n\t\t            <\/div>\n        <\/div>\n                    <\/div>\n        <\/section>\n                <section class=\"elementor-section elementor-top-section elementor-element elementor-element-ef7f12a elementor-section-stretched elementor-section-boxed elementor-section-height-default elementor-section-height-default ct-header-fixed-none ct-column-none ct-row-scroll-none ct-row-gradient--none ct-row-container--default\" data-id=\"ef7f12a\" data-element_type=\"section\" data-settings=\"{&quot;stretch_section&quot;:&quot;section-stretched&quot;}\">\n            \n                        <div class=\"elementor-container elementor-column-gap-extended\">\n                    <div class=\"elementor-column elementor-col-33 elementor-top-column elementor-element elementor-element-124d3cd ct-column-none col-offset-none\" data-id=\"124d3cd\" data-element_type=\"column\">\n        <div class=\"elementor-widget-wrap elementor-element-populated\">\n                    \n        \t\t<div class=\"elementor-element elementor-element-51d10d5 elementor-widget elementor-widget-ct_pricing_single\" data-id=\"51d10d5\" data-element_type=\"widget\" data-widget_type=\"ct_pricing_single.default\">\n\t\t\t\t<div class=\"elementor-widget-container\">\n\t\t\t\t\t<div class=\"ct-pricing ct-pricing-single1 wow zoomOut pricing-active\" data-wow-delay=\"ms\">\r\n    <div class=\"pricing--meta\">\r\n                    <div class=\"item--image bg-image\" style=\"background-image: url(https:\/\/ideas2playcounseling.com\/wp-content\/uploads\/2025\/08\/emotional-stability.jpg);\"><\/div>\r\n                <div class=\"pricing--icon\">\r\n            <div class=\"inner-pricing\">\r\n                <div class=\"pricing--price\"><\/div>\r\n                <span class=\"pricing--month\"><\/span>\r\n            <\/div>\r\n        <\/div>\r\n    <\/div>\r\n    <div class=\"pricing--holder\">\r\n        <h5 class=\"pricing--title\">Emotional Stability<\/h5>\r\n                    <ul class=\"pricing--feature\">\r\n                                    <li class=\"no-active\">\r\n                                                                            <i class=\"caseicon caseicon-close-alt\"><\/i>\r\n                                            <\/li>\r\n                            <\/ul>\r\n                            <div class=\"pricing--button\">\r\n                <a class=\"btn btn-primary\" href=\"https:\/\/docs.google.com\/forms\/d\/e\/1FAIpQLSeZV5gdX1D0vPHY0Z3vrsL-JdE_tM1cE4jhC7CHmVmwgXRk7A\/viewform?usp=header\">Here<\/a>\r\n            <\/div>\r\n            <\/div>\r\n<\/div>\t\t\t\t<\/div>\n\t\t\t\t<\/div>\n\t\t            <\/div>\n        <\/div>\n                <div class=\"elementor-column elementor-col-33 elementor-top-column elementor-element elementor-element-8e53019 ct-column-none col-offset-none\" data-id=\"8e53019\" data-element_type=\"column\">\n        <div class=\"elementor-widget-wrap elementor-element-populated\">\n                    \n        \t\t<div class=\"elementor-element elementor-element-7326475 elementor-widget elementor-widget-ct_pricing_single\" data-id=\"7326475\" data-element_type=\"widget\" data-widget_type=\"ct_pricing_single.default\">\n\t\t\t\t<div class=\"elementor-widget-container\">\n\t\t\t\t\t<div class=\"ct-pricing ct-pricing-single1 wow zoomOut pricing-active\" data-wow-delay=\"ms\">\r\n    <div class=\"pricing--meta\">\r\n                    <div class=\"item--image bg-image\" style=\"background-image: url(https:\/\/ideas2playcounseling.com\/wp-content\/uploads\/2025\/08\/introversion-extroversion-scaled.jpg);\"><\/div>\r\n                <div class=\"pricing--icon\">\r\n            <div class=\"inner-pricing\">\r\n                <div class=\"pricing--price\"><\/div>\r\n                <span class=\"pricing--month\"><\/span>\r\n            <\/div>\r\n        <\/div>\r\n    <\/div>\r\n    <div class=\"pricing--holder\">\r\n        <h5 class=\"pricing--title\">Introversion\/Extroversion<\/h5>\r\n                    <ul class=\"pricing--feature\">\r\n                                    <li class=\"no-active\">\r\n                                                                            <i class=\"caseicon caseicon-close-alt\"><\/i>\r\n                                            <\/li>\r\n                            <\/ul>\r\n                            <div class=\"pricing--button\">\r\n                <a class=\"btn btn-primary\" href=\"https:\/\/docs.google.com\/forms\/d\/e\/1FAIpQLSdSk3bn6lDf9ggADgNeHFOnkn_Yprw-Q6Lgfif7BFUSD3f1UA\/viewform?usp=header\">Do<\/a>\r\n            <\/div>\r\n            <\/div>\r\n<\/div>\t\t\t\t<\/div>\n\t\t\t\t<\/div>\n\t\t            <\/div>\n        <\/div>\n                <div class=\"elementor-column elementor-col-33 elementor-top-column elementor-element elementor-element-f1025c1 ct-column-none col-offset-none\" data-id=\"f1025c1\" data-element_type=\"column\">\n        <div class=\"elementor-widget-wrap elementor-element-populated\">\n                    \n        \t\t<div class=\"elementor-element elementor-element-8fc74a1 elementor-widget elementor-widget-ct_pricing_single\" data-id=\"8fc74a1\" data-element_type=\"widget\" data-widget_type=\"ct_pricing_single.default\">\n\t\t\t\t<div class=\"elementor-widget-container\">\n\t\t\t\t\t<div class=\"ct-pricing ct-pricing-single1 wow zoomOut pricing-active\" data-wow-delay=\"ms\">\r\n    <div class=\"pricing--meta\">\r\n                    <div class=\"item--image bg-image\" style=\"background-image: url(https:\/\/ideas2playcounseling.com\/wp-content\/uploads\/2025\/08\/autoestima-scaled.jpg);\"><\/div>\r\n                <div class=\"pricing--icon\">\r\n            <div class=\"inner-pricing\">\r\n                <div class=\"pricing--price\"><\/div>\r\n                <span class=\"pricing--month\"><\/span>\r\n            <\/div>\r\n        <\/div>\r\n    <\/div>\r\n    <div class=\"pricing--holder\">\r\n        <h5 class=\"pricing--title\">Self-Esteem<\/h5>\r\n                    <ul class=\"pricing--feature\">\r\n                                    <li class=\"no-active\">\r\n                                                                            <i class=\"caseicon caseicon-close-alt\"><\/i>\r\n                                            <\/li>\r\n                            <\/ul>\r\n                            <div class=\"pricing--button\">\r\n                <a class=\"btn btn-primary\" href=\"https:\/\/docs.google.com\/forms\/d\/e\/1FAIpQLSdlE-yhiv073iT2pk4yhT1tOyk6Jk2mW4h61PUp7SWYxFglGg\/viewform?usp=header\">Here<\/a>\r\n            <\/div>\r\n            <\/div>\r\n<\/div>\t\t\t\t<\/div>\n\t\t\t\t<\/div>\n\t\t            <\/div>\n        <\/div>\n                    <\/div>\n        <\/section>\n        <div class=\"elementor-element elementor-element-16d2200 e-flex e-con-boxed e-con e-parent\" data-id=\"16d2200\" data-element_type=\"container\">\n\t\t\t\t\t<div class=\"e-con-inner\">\n\t\t\t\t\t<\/div>\n\t\t\t\t<\/div>\n\t\t\t\t<\/div>","protected":false},"excerpt":{"rendered":"<p>Cuestionarios \u00a1Tu bienestar mental importa! Encuentra aqu\u00ed evaluaciones gratuitas dise\u00f1adas por expertos. Descubre tests pr\u00e1cticos que te ayudar\u00e1n a reflexionar sobre tu salud emocional. Todo es confidencial, sin coste y accesible en un solo clic. \ud83c\udf31 Depresi\u00f3n Ir Manejo de Ira Realizar Evitar conflictos Comienza Satisfacci\u00f3n en la Relaci\u00f3n Dale \u00bfNecesito Terapia? Click Aqu\u00ed Estilo [&hellip;]<\/p>","protected":false},"author":1,"featured_media":0,"parent":0,"menu_order":0,"comment_status":"closed","ping_status":"closed","template":"","meta":{"_uag_custom_page_level_css":"","footnotes":""},"class_list":["post-1307","page","type-page","status-publish","hentry"],"uagb_featured_image_src":{"full":false,"thumbnail":false,"medium":false,"medium_large":false,"large":false,"1536x1536":false,"2048x2048":false,"trp-custom-language-flag":false,"mindset-avatar":false,"mindset-nav":false,"mindset-thumbnail":false,"mindset-post":false,"mindset-related-post":false,"mindset-portfolio":false,"woocommerce_thumbnail":false,"woocommerce_single":false,"woocommerce_gallery_thumbnail":false,"woosc-large":false,"woosc-small":false,"woosq":false},"uagb_author_info":{"display_name":"onlykhaz@gmail.com","author_link":"https:\/\/ideas2playcounseling.com\/en\/author\/onlykhazgmail-com\/"},"uagb_comment_info":0,"uagb_excerpt":"Cuestionarios \u00a1Tu bienestar mental importa! Encuentra aqu\u00ed evaluaciones gratuitas dise\u00f1adas por expertos. Descubre tests pr\u00e1cticos que te ayudar\u00e1n a reflexionar sobre tu salud emocional. Todo es confidencial, sin coste y accesible en un solo clic. \ud83c\udf31 Depresi\u00f3n Ir Manejo de Ira Realizar Evitar conflictos Comienza Satisfacci\u00f3n en la Relaci\u00f3n Dale \u00bfNecesito Terapia? Click Aqu\u00ed Estilo&hellip;","_links":{"self":[{"href":"https:\/\/ideas2playcounseling.com\/en\/wp-json\/wp\/v2\/pages\/1307"}],"collection":[{"href":"https:\/\/ideas2playcounseling.com\/en\/wp-json\/wp\/v2\/pages"}],"about":[{"href":"https:\/\/ideas2playcounseling.com\/en\/wp-json\/wp\/v2\/types\/page"}],"author":[{"embeddable":true,"href":"https:\/\/ideas2playcounseling.com\/en\/wp-json\/wp\/v2\/users\/1"}],"replies":[{"embeddable":true,"href":"https:\/\/ideas2playcounseling.com\/en\/wp-json\/wp\/v2\/comments?post=1307"}],"version-history":[{"count":46,"href":"https:\/\/ideas2playcounseling.com\/en\/wp-json\/wp\/v2\/pages\/1307\/revisions"}],"predecessor-version":[{"id":7983,"href":"https:\/\/ideas2playcounseling.com\/en\/wp-json\/wp\/v2\/pages\/1307\/revisions\/7983"}],"wp:attachment":[{"href":"https:\/\/ideas2playcounseling.com\/en\/wp-json\/wp\/v2\/media?parent=1307"}],"curies":[{"name":"wp","href":"https:\/\/api.w.org\/{rel}","templated":true}]}}